{"id":299,"date":"2026-03-03T06:05:00","date_gmt":"2026-03-03T06:05:00","guid":{"rendered":"https:\/\/presencejuridique.com\/avocatdemo2\/?page_id=299"},"modified":"2026-03-03T06:13:36","modified_gmt":"2026-03-03T06:13:36","slug":"actualites","status":"publish","type":"page","link":"https:\/\/presencejuridique.com\/avocatdemo2\/actualites\/","title":{"rendered":"Actualit\u00e9s"},"content":{"rendered":"\t\t<div data-elementor-type=\"wp-page\" data-elementor-id=\"299\" class=\"elementor elementor-299\" data-elementor-post-type=\"page\">\n\t\t\t\t<div class=\"elementor-element elementor-element-6f5b91da e-flex e-con-boxed e-con e-parent\" data-id=\"6f5b91da\" data-element_type=\"container\" data-e-type=\"container\" data-settings=\"{&quot;background_background&quot;:&quot;classic&quot;}\">\n\t\t\t\t\t<div class=\"e-con-inner\">\n\t\t\t\t<div class=\"elementor-element elementor-element-3acd3cd9 elementor-invisible elementor-widget elementor-widget-text-editor\" data-id=\"3acd3cd9\" data-element_type=\"widget\" data-e-type=\"widget\" data-settings=\"{&quot;_animation&quot;:&quot;fadeIn&quot;,&quot;_animation_delay&quot;:360}\" data-widget_type=\"text-editor.default\">\n\t\t\t\t\t\t\t\t\t<p>Nos analyses \u00e9clairent les \u00e9volutions juridiques et r\u00e9glementaires susceptibles d\u2019impacter vos d\u00e9cisions.<\/p>\t\t\t\t\t\t\t\t<\/div>\n\t\t\t\t\t<\/div>\n\t\t\t\t<\/div>\n\t\t<div class=\"elementor-element elementor-element-30bc60eb e-flex e-con-boxed e-con e-parent\" data-id=\"30bc60eb\" data-element_type=\"container\" data-e-type=\"container\">\n\t\t\t\t\t<div class=\"e-con-inner\">\n\t\t\t\t<div class=\"elementor-element elementor-element-2960451 elementor-grid-3 elementor-grid-tablet-2 elementor-grid-mobile-1 elementor-posts--thumbnail-top elementor-card-shadow-yes elementor-posts__hover-gradient elementor-widget elementor-widget-posts\" data-id=\"2960451\" data-element_type=\"widget\" data-e-type=\"widget\" data-settings=\"{&quot;cards_columns&quot;:&quot;3&quot;,&quot;cards_columns_tablet&quot;:&quot;2&quot;,&quot;cards_columns_mobile&quot;:&quot;1&quot;,&quot;cards_row_gap&quot;:{&quot;unit&quot;:&quot;px&quot;,&quot;size&quot;:35,&quot;sizes&quot;:[]},&quot;cards_row_gap_tablet&quot;:{&quot;unit&quot;:&quot;px&quot;,&quot;size&quot;:&quot;&quot;,&quot;sizes&quot;:[]},&quot;cards_row_gap_mobile&quot;:{&quot;unit&quot;:&quot;px&quot;,&quot;size&quot;:&quot;&quot;,&quot;sizes&quot;:[]}}\" data-widget_type=\"posts.cards\">\n\t\t\t\t<div class=\"elementor-widget-container\">\n\t\t\t\t\t\t\t<div class=\"elementor-posts-container elementor-posts elementor-posts--skin-cards elementor-grid\" role=\"list\">\n\t\t\t\t<article class=\"elementor-post elementor-grid-item post-250 post type-post status-publish format-standard has-post-thumbnail hentry category-blog\" role=\"listitem\">\n\t\t\t<div class=\"elementor-post__card\">\n\t\t\t\t<a class=\"elementor-post__thumbnail__link\" href=\"https:\/\/presencejuridique.com\/avocatdemo2\/conflit-entre-associes-que-faire-pour-proteger-votre-societe\/\" tabindex=\"-1\" ><div class=\"elementor-post__thumbnail\"><img fetchpriority=\"high\" decoding=\"async\" width=\"300\" height=\"200\" src=\"https:\/\/presencejuridique.com\/avocatdemo2\/wp-content\/uploads\/2026\/03\/article-3-300x200.jpg\" class=\"attachment-medium size-medium wp-image-243\" alt=\"\" srcset=\"https:\/\/presencejuridique.com\/avocatdemo2\/wp-content\/uploads\/2026\/03\/article-3-300x200.jpg 300w, https:\/\/presencejuridique.com\/avocatdemo2\/wp-content\/uploads\/2026\/03\/article-3-1024x683.jpg 1024w, https:\/\/presencejuridique.com\/avocatdemo2\/wp-content\/uploads\/2026\/03\/article-3-768x512.jpg 768w, https:\/\/presencejuridique.com\/avocatdemo2\/wp-content\/uploads\/2026\/03\/article-3.jpg 1280w\" sizes=\"(max-width: 300px) 100vw, 300px\" \/><\/div><\/a>\n\t\t\t\t<div class=\"elementor-post__text\">\n\t\t\t\t<h3 class=\"elementor-post__title\">\n\t\t\t<a href=\"https:\/\/presencejuridique.com\/avocatdemo2\/conflit-entre-associes-que-faire-pour-proteger-votre-societe\/\" >\n\t\t\t\tConflit entre associ\u00e9s : que faire pour prot\u00e9ger votre soci\u00e9t\u00e9 ?\t\t\t<\/a>\n\t\t<\/h3>\n\t\t\t\t<div class=\"elementor-post__excerpt\">\n\t\t\t<p>Un conflit entre associ\u00e9s peut mettre en danger l\u2019existence m\u00eame d\u2019une entreprise. Ce qui commence souvent par un simple d\u00e9saccord<\/p>\n\t\t<\/div>\n\t\t\t\t<\/div>\n\t\t\t\t<div class=\"elementor-post__meta-data\">\n\t\t\t\t\t<span class=\"elementor-post-date\">\n\t\t\tmars 3, 2026\t\t<\/span>\n\t\t\t\t<span class=\"elementor-post-avatar\">\n\t\t\tAucun commentaire\t\t<\/span>\n\t\t\t\t<\/div>\n\t\t\t\t\t<\/div>\n\t\t<\/article>\n\t\t\t\t<article class=\"elementor-post elementor-grid-item post-247 post type-post status-publish format-standard has-post-thumbnail hentry category-blog\" role=\"listitem\">\n\t\t\t<div class=\"elementor-post__card\">\n\t\t\t\t<a class=\"elementor-post__thumbnail__link\" href=\"https:\/\/presencejuridique.com\/avocatdemo2\/rupture-brutale-de-relations-commerciales-quels-risques-pour-votre-entreprise\/\" tabindex=\"-1\" ><div class=\"elementor-post__thumbnail\"><img decoding=\"async\" width=\"300\" height=\"200\" src=\"https:\/\/presencejuridique.com\/avocatdemo2\/wp-content\/uploads\/2026\/03\/article-1-300x200.jpg\" class=\"attachment-medium size-medium wp-image-245\" alt=\"\" srcset=\"https:\/\/presencejuridique.com\/avocatdemo2\/wp-content\/uploads\/2026\/03\/article-1-300x200.jpg 300w, https:\/\/presencejuridique.com\/avocatdemo2\/wp-content\/uploads\/2026\/03\/article-1-1024x683.jpg 1024w, https:\/\/presencejuridique.com\/avocatdemo2\/wp-content\/uploads\/2026\/03\/article-1-768x512.jpg 768w, https:\/\/presencejuridique.com\/avocatdemo2\/wp-content\/uploads\/2026\/03\/article-1.jpg 1280w\" sizes=\"(max-width: 300px) 100vw, 300px\" \/><\/div><\/a>\n\t\t\t\t<div class=\"elementor-post__text\">\n\t\t\t\t<h3 class=\"elementor-post__title\">\n\t\t\t<a href=\"https:\/\/presencejuridique.com\/avocatdemo2\/rupture-brutale-de-relations-commerciales-quels-risques-pour-votre-entreprise\/\" >\n\t\t\t\tRupture brutale de relations commerciales : quels risques pour votre entreprise ?\t\t\t<\/a>\n\t\t<\/h3>\n\t\t\t\t<div class=\"elementor-post__excerpt\">\n\t\t\t<p>Mettre fin \u00e0 une relation commerciale peut sembler \u00eatre une d\u00e9cision strat\u00e9gique normale. Pourtant, lorsqu\u2019elle intervient sans pr\u00e9caution suffisante, cette<\/p>\n\t\t<\/div>\n\t\t\t\t<\/div>\n\t\t\t\t<div class=\"elementor-post__meta-data\">\n\t\t\t\t\t<span class=\"elementor-post-date\">\n\t\t\tmars 3, 2026\t\t<\/span>\n\t\t\t\t<span class=\"elementor-post-avatar\">\n\t\t\tAucun commentaire\t\t<\/span>\n\t\t\t\t<\/div>\n\t\t\t\t\t<\/div>\n\t\t<\/article>\n\t\t\t\t<article class=\"elementor-post elementor-grid-item post-242 post type-post status-publish format-standard has-post-thumbnail hentry category-blog\" role=\"listitem\">\n\t\t\t<div class=\"elementor-post__card\">\n\t\t\t\t<a class=\"elementor-post__thumbnail__link\" href=\"https:\/\/presencejuridique.com\/avocatdemo2\/responsabilite-du-dirigeant-fautes-et-risques-en-droit-des-affaires\/\" tabindex=\"-1\" ><div class=\"elementor-post__thumbnail\"><img decoding=\"async\" width=\"300\" height=\"200\" src=\"https:\/\/presencejuridique.com\/avocatdemo2\/wp-content\/uploads\/2026\/03\/article-2-300x200.jpg\" class=\"attachment-medium size-medium wp-image-244\" alt=\"\" srcset=\"https:\/\/presencejuridique.com\/avocatdemo2\/wp-content\/uploads\/2026\/03\/article-2-300x200.jpg 300w, https:\/\/presencejuridique.com\/avocatdemo2\/wp-content\/uploads\/2026\/03\/article-2-1024x683.jpg 1024w, https:\/\/presencejuridique.com\/avocatdemo2\/wp-content\/uploads\/2026\/03\/article-2-768x512.jpg 768w, https:\/\/presencejuridique.com\/avocatdemo2\/wp-content\/uploads\/2026\/03\/article-2.jpg 1280w\" sizes=\"(max-width: 300px) 100vw, 300px\" \/><\/div><\/a>\n\t\t\t\t<div class=\"elementor-post__text\">\n\t\t\t\t<h3 class=\"elementor-post__title\">\n\t\t\t<a href=\"https:\/\/presencejuridique.com\/avocatdemo2\/responsabilite-du-dirigeant-fautes-et-risques-en-droit-des-affaires\/\" >\n\t\t\t\tResponsabilit\u00e9 du dirigeant : fautes et risques en droit des affaires\t\t\t<\/a>\n\t\t<\/h3>\n\t\t\t\t<div class=\"elementor-post__excerpt\">\n\t\t\t<p>Diriger une soci\u00e9t\u00e9 implique des pouvoirs importants. Mais ces pouvoirs s\u2019accompagnent \u00e9galement de responsabilit\u00e9s juridiques pouvant engager le patrimoine personnel<\/p>\n\t\t<\/div>\n\t\t\t\t<\/div>\n\t\t\t\t<div class=\"elementor-post__meta-data\">\n\t\t\t\t\t<span class=\"elementor-post-date\">\n\t\t\tmars 3, 2026\t\t<\/span>\n\t\t\t\t<span class=\"elementor-post-avatar\">\n\t\t\tAucun commentaire\t\t<\/span>\n\t\t\t\t<\/div>\n\t\t\t\t\t<\/div>\n\t\t<\/article>\n\t\t\t\t<\/div>\n\t\t\n\t\t\t\t\t\t<\/div>\n\t\t\t\t<\/div>\n\t\t\t\t\t<\/div>\n\t\t\t\t<\/div>\n\t\t\t\t<\/div>\n\t\t","protected":false},"excerpt":{"rendered":"<p>Nos analyses \u00e9clairent les \u00e9volutions juridiques et r\u00e9glementaires susceptibles d\u2019impacter vos d\u00e9cisions.<\/p>\n","protected":false},"author":1,"featured_media":0,"parent":0,"menu_order":0,"comment_status":"closed","ping_status":"closed","template":"","meta":{"footnotes":""},"class_list":["post-299","page","type-page","status-publish","hentry"],"_links":{"self":[{"href":"https:\/\/presencejuridique.com\/avocatdemo2\/wp-json\/wp\/v2\/pages\/299","targetHints":{"allow":["GET"]}}],"collection":[{"href":"https:\/\/presencejuridique.com\/avocatdemo2\/wp-json\/wp\/v2\/pages"}],"about":[{"href":"https:\/\/presencejuridique.com\/avocatdemo2\/wp-json\/wp\/v2\/types\/page"}],"author":[{"embeddable":true,"href":"https:\/\/presencejuridique.com\/avocatdemo2\/wp-json\/wp\/v2\/users\/1"}],"replies":[{"embeddable":true,"href":"https:\/\/presencejuridique.com\/avocatdemo2\/wp-json\/wp\/v2\/comments?post=299"}],"version-history":[{"count":13,"href":"https:\/\/presencejuridique.com\/avocatdemo2\/wp-json\/wp\/v2\/pages\/299\/revisions"}],"predecessor-version":[{"id":337,"href":"https:\/\/presencejuridique.com\/avocatdemo2\/wp-json\/wp\/v2\/pages\/299\/revisions\/337"}],"wp:attachment":[{"href":"https:\/\/presencejuridique.com\/avocatdemo2\/wp-json\/wp\/v2\/media?parent=299"}],"curies":[{"name":"wp","href":"https:\/\/api.w.org\/{rel}","templated":true}]}}